{"id":4623,"date":"2024-08-18T10:26:48","date_gmt":"2024-08-18T14:26:48","guid":{"rendered":"https:\/\/yufuku.ca\/conditions-generales-dutilisation\/"},"modified":"2024-08-18T11:00:58","modified_gmt":"2024-08-18T15:00:58","slug":"conditions-generales-dutilisation","status":"publish","type":"page","link":"https:\/\/yufuku.ca\/fr\/conditions-generales-dutilisation\/","title":{"rendered":"Conditions g\u00e9n\u00e9rales d&rsquo;utilisation"},"content":{"rendered":"\t\t<div data-elementor-type=\"wp-page\" data-elementor-id=\"4623\" class=\"elementor elementor-4623 elementor-4582\" data-elementor-post-type=\"page\">\n\t\t\t\t\t\t<section class=\"elementor-section elementor-top-section elementor-element elementor-element-b379181 elementor-section-full_width elementor-section-height-min-height elementor-section-height-default elementor-section-items-middle\" data-id=\"b379181\" data-element_type=\"section\" data-settings=\"{&quot;background_background&quot;:&quot;classic&quot;,&quot;grandrestaurant_ext_is_background_parallax&quot;:&quot;false&quot;,&quot;grandrestaurant_ext_is_background_backdrop&quot;:&quot;false&quot;,&quot;grandrestaurant_ext_is_background_on_scroll&quot;:&quot;false&quot;}\">\n\t\t\t\t\t\t<div class=\"elementor-container elementor-column-gap-default\">\n\t\t\t\t\t<div class=\"elementor-column elementor-col-100 elementor-top-column elementor-element elementor-element-19c13f1\" data-id=\"19c13f1\" data-element_type=\"column\" data-settings=\"{&quot;grandrestaurant_ext_link_reservation&quot;:&quot;false&quot;,&quot;grandrestaurant_ext_link_sidemenu&quot;:&quot;false&quot;,&quot;grandrestaurant_ext_link_fullmenu&quot;:&quot;false&quot;,&quot;grandrestaurant_ext_link_closed_fullmenu&quot;:&quot;false&quot;,&quot;grandrestaurant_ext_is_scrollme&quot;:&quot;false&quot;,&quot;grandrestaurant_ext_is_smoove&quot;:&quot;false&quot;,&quot;grandrestaurant_ext_is_parallax_mouse&quot;:&quot;false&quot;,&quot;grandrestaurant_ext_is_infinite&quot;:&quot;false&quot;,&quot;grandrestaurant_ext_is_fadeout_animation&quot;:&quot;false&quot;,&quot;grandrestaurant_ext_mobile_static&quot;:&quot;false&quot;}\">\n\t\t\t<div class=\"elementor-widget-wrap elementor-element-populated\">\n\t\t\t\t\t\t<div class=\"elementor-element elementor-element-943c169 elementor-widget__width-initial elementor-widget elementor-widget-grandrestaurant-animated-text\" data-id=\"943c169\" data-element_type=\"widget\" data-settings=\"{&quot;grandrestaurant_ext_is_fadeout_animation&quot;:&quot;true&quot;,&quot;grandrestaurant_ext_is_fadeout_animation_velocity&quot;:{&quot;unit&quot;:&quot;px&quot;,&quot;size&quot;:0.1000000000000000055511151231257827021181583404541015625,&quot;sizes&quot;:[]},&quot;grandrestaurant_ext_link_reservation&quot;:&quot;false&quot;,&quot;grandrestaurant_ext_link_sidemenu&quot;:&quot;false&quot;,&quot;grandrestaurant_ext_link_fullmenu&quot;:&quot;false&quot;,&quot;grandrestaurant_ext_link_closed_fullmenu&quot;:&quot;false&quot;,&quot;grandrestaurant_ext_is_scrollme&quot;:&quot;false&quot;,&quot;grandrestaurant_ext_is_parallax_mouse&quot;:&quot;false&quot;,&quot;grandrestaurant_ext_is_infinite&quot;:&quot;false&quot;,&quot;grandrestaurant_ext_is_fadeout_animation_direction&quot;:&quot;up&quot;,&quot;grandrestaurant_ext_mobile_static&quot;:&quot;false&quot;}\" data-widget_type=\"grandrestaurant-animated-text.default\">\n\t\t\t\t<div class=\"elementor-widget-container\">\n\t\t\t<div class=\"themegoods-animated-text text-alignment-center transition-right overflow-visible\" data-delimiter=\"character\" data-transition=\"50\" data-transition-delay=\"800\" data-transition-duration=\"600\">\n\t\t<h1>\n\t\tConditions<br>D\u2019utilisation\t<\/h1>\n\t<\/div>\t\t<\/div>\n\t\t\t\t<\/div>\n\t\t\t\t\t<\/div>\n\t\t<\/div>\n\t\t\t\t\t<\/div>\n\t\t<\/section>\n\t\t\t\t<section class=\"elementor-section elementor-top-section elementor-element elementor-element-8071fc0 elementor-section-boxed elementor-section-height-default elementor-section-height-default\" data-id=\"8071fc0\" data-element_type=\"section\" data-settings=\"{&quot;background_background&quot;:&quot;classic&quot;,&quot;grandrestaurant_ext_is_background_parallax&quot;:&quot;false&quot;,&quot;grandrestaurant_ext_is_background_backdrop&quot;:&quot;false&quot;,&quot;grandrestaurant_ext_is_background_on_scroll&quot;:&quot;false&quot;}\">\n\t\t\t\t\t\t<div class=\"elementor-container elementor-column-gap-default\">\n\t\t\t\t\t<div class=\"elementor-column elementor-col-100 elementor-top-column elementor-element elementor-element-e880dff\" data-id=\"e880dff\" data-element_type=\"column\" data-settings=\"{&quot;background_background&quot;:&quot;classic&quot;,&quot;grandrestaurant_ext_link_reservation&quot;:&quot;false&quot;,&quot;grandrestaurant_ext_link_sidemenu&quot;:&quot;false&quot;,&quot;grandrestaurant_ext_link_fullmenu&quot;:&quot;false&quot;,&quot;grandrestaurant_ext_link_closed_fullmenu&quot;:&quot;false&quot;,&quot;grandrestaurant_ext_is_scrollme&quot;:&quot;false&quot;,&quot;grandrestaurant_ext_is_smoove&quot;:&quot;false&quot;,&quot;grandrestaurant_ext_is_parallax_mouse&quot;:&quot;false&quot;,&quot;grandrestaurant_ext_is_infinite&quot;:&quot;false&quot;,&quot;grandrestaurant_ext_is_fadeout_animation&quot;:&quot;false&quot;,&quot;grandrestaurant_ext_mobile_static&quot;:&quot;false&quot;}\">\n\t\t\t<div class=\"elementor-widget-wrap elementor-element-populated\">\n\t\t\t\t\t\t<div class=\"elementor-element elementor-element-fc51ba8 elementor-widget elementor-widget-text-editor\" data-id=\"fc51ba8\" data-element_type=\"widget\" data-settings=\"{&quot;grandrestaurant_ext_link_reservation&quot;:&quot;false&quot;,&quot;grandrestaurant_ext_link_sidemenu&quot;:&quot;false&quot;,&quot;grandrestaurant_ext_link_fullmenu&quot;:&quot;false&quot;,&quot;grandrestaurant_ext_link_closed_fullmenu&quot;:&quot;false&quot;,&quot;grandrestaurant_ext_is_scrollme&quot;:&quot;false&quot;,&quot;grandrestaurant_ext_is_smoove&quot;:&quot;false&quot;,&quot;grandrestaurant_ext_is_parallax_mouse&quot;:&quot;false&quot;,&quot;grandrestaurant_ext_is_infinite&quot;:&quot;false&quot;,&quot;grandrestaurant_ext_is_fadeout_animation&quot;:&quot;false&quot;,&quot;grandrestaurant_ext_mobile_static&quot;:&quot;false&quot;}\" data-widget_type=\"text-editor.default\">\n\t\t\t\t<div class=\"elementor-widget-container\">\n\t\t\t\t\t\t\t<p>Les pr\u00e9sentes conditions g\u00e9n\u00e9rales (les \u00ab\u00a0conditions g\u00e9n\u00e9rales\u00a0\u00bb) r\u00e9gissent l&rsquo;utilisation du site yufuku.ca (le \u00ab\u00a0site\u00a0\u00bb).<br>Ce site est d\u00e9tenu et exploit\u00e9 par Y\u016bfuku Fusion Tapas. Ce site est un restaurant.<br>En utilisant ce site, vous indiquez que vous avez lu et compris les pr\u00e9sentes conditions et<br>acceptez de les respecter \u00e0 tout moment.<\/p>\n<p><br><b>Propri\u00e9t\u00e9 intellectuelle<\/b><br>Tout le contenu publi\u00e9 et mis \u00e0 disposition sur notre site est la propri\u00e9t\u00e9 de Y\u016bfuku Fusion Tapas et des cr\u00e9ateurs du site<br>. Ceci inclut, mais n&rsquo;est pas limit\u00e9 aux images, textes, logos, documents, fichiers t\u00e9l\u00e9chargeables<br>et tout ce qui contribue \u00e0 la composition de notre Site.<\/p>\n<p><br><b>Limitation de responsabilit\u00e9<\/b><br>Y\u016bfuku Fusion Tapas et nos administrateurs, dirigeants, agents, employ\u00e9s, filiales et affili\u00e9s ne seront pas<br>responsables des actions, r\u00e9clamations, pertes, dommages, responsabilit\u00e9s et d\u00e9penses, y compris les frais juridiques, r\u00e9sultant de<br>votre utilisation du site.<\/p>\n<p><br><b>Indemnisation<\/b><br>Sauf si la loi l&rsquo;interdit, en utilisant ce Site, vous indemnisez et d\u00e9gagez Y\u016bfuku Fusion<br>Tapas et nos directeurs, cadres, agents, employ\u00e9s, filiales et affili\u00e9s de toute action,<br>r\u00e9clamations, pertes, dommages, responsabilit\u00e9s et d\u00e9penses, y compris les frais de justice, r\u00e9sultant de votre utilisation de notre Site<br>ou de votre violation des pr\u00e9sentes Conditions g\u00e9n\u00e9rales.<\/p>\n<p><br><b>Droit applicable<\/b><br>Les pr\u00e9sentes conditions sont r\u00e9gies par les lois de la province de Qu\u00e9bec.<\/p>\n<p><br><b>Divisibilit\u00e9<\/b><br>Si, \u00e0 tout moment, l&rsquo;une des dispositions \u00e9nonc\u00e9es dans les pr\u00e9sentes conditions g\u00e9n\u00e9rales s&rsquo;av\u00e8re incompatible avec<br>ou invalide en vertu des lois applicables, ces dispositions seront consid\u00e9r\u00e9es comme nulles et seront supprim\u00e9es des pr\u00e9sentes conditions g\u00e9n\u00e9rales<br>. Toutes les autres dispositions ne seront pas affect\u00e9es par la suppression et les autres conditions g\u00e9n\u00e9rales de<br>resteront valables.<\/p>\n<p><br><b>Modifications<\/b><br>Les pr\u00e9sentes conditions g\u00e9n\u00e9rales peuvent \u00eatre modifi\u00e9es de temps \u00e0 autre afin de rester conformes \u00e0<br>la loi et de refl\u00e9ter toute modification de la mani\u00e8re dont nous exploitons notre site et de la mani\u00e8re dont nous attendons des utilisateurs qu&rsquo;ils se comportent sur notre site<br>. Nous informerons les utilisateurs par courrier \u00e9lectronique des modifications apport\u00e9es aux pr\u00e9sentes conditions g\u00e9n\u00e9rales ou publierons un avis \u00e0 l&rsquo;adresse<br>sur notre site.<\/p>\n<p><br><b>Coordonn\u00e9es<\/b><br>Veuillez nous contacter si vous avez des questions ou des pr\u00e9occupations. Nos coordonn\u00e9es sont les suivantes :<br>(514) 564-7698<br>info@yufuku.ca<br>5766 Monkland Ave, Montreal, Quebec H4A 1E9<br><br><br>Vous pouvez \u00e9galement nous contacter par le biais du formulaire de retour d&rsquo;information disponible sur notre site.<br><b>Date d&rsquo;entr\u00e9e en vigueur : 18e jour d&rsquo;ao\u00fbt 2024<\/b><\/p>\t\t\t\t\t\t<\/div>\n\t\t\t\t<\/div>\n\t\t\t\t\t<\/div>\n\t\t<\/div>\n\t\t\t\t\t<\/div>\n\t\t<\/section>\n\t\t\t\t<\/div>\n\t\t","protected":false},"excerpt":{"rendered":"<p>ConditionsD\u2019utilisation Les pr\u00e9sentes conditions g\u00e9n\u00e9rales (les \u00ab\u00a0conditions g\u00e9n\u00e9rales\u00a0\u00bb) r\u00e9gissent l&rsquo;utilisation du site yufuku.ca (le \u00ab\u00a0site\u00a0\u00bb).Ce site est d\u00e9tenu et exploit\u00e9 par Y\u016bfuku Fusion Tapas. Ce site est un restaurant.En utilisant ce site, vous indiquez que vous avez lu et compris [&hellip;]<\/p>\n","protected":false},"author":3454,"featured_media":0,"parent":0,"menu_order":0,"comment_status":"closed","ping_status":"closed","template":"elementor_header_footer","meta":{"footnotes":""},"class_list":["post-4623","page","type-page","status-publish","hentry"],"yoast_head":"<!-- This site is optimized with the Yoast SEO plugin v23.7 - https:\/\/yoast.com\/wordpress\/plugins\/seo\/ -->\n<title>Conditions g\u00e9n\u00e9rales d&#039;utilisation - Yufuku Japanese Fusion Tapas<\/title>\n<meta name=\"robots\" content=\"index, follow, max-snippet:-1, max-image-preview:large, max-video-preview:-1\" \/>\n<link rel=\"canonical\" href=\"https:\/\/yufuku.ca\/fr\/conditions-generales-dutilisation\/\" \/>\n<meta property=\"og:locale\" content=\"fr_FR\" \/>\n<meta property=\"og:type\" content=\"article\" \/>\n<meta property=\"og:title\" content=\"Conditions g\u00e9n\u00e9rales d&#039;utilisation - Yufuku Japanese Fusion Tapas\" \/>\n<meta property=\"og:description\" content=\"ConditionsD\u2019utilisation Les pr\u00e9sentes conditions g\u00e9n\u00e9rales (les \u00ab\u00a0conditions g\u00e9n\u00e9rales\u00a0\u00bb) r\u00e9gissent l&rsquo;utilisation du site yufuku.ca (le \u00ab\u00a0site\u00a0\u00bb).Ce site est d\u00e9tenu et exploit\u00e9 par Y\u016bfuku Fusion Tapas. Ce site est un restaurant.En utilisant ce site, vous indiquez que vous avez lu et compris [&hellip;]\" \/>\n<meta property=\"og:url\" content=\"https:\/\/yufuku.ca\/fr\/conditions-generales-dutilisation\/\" \/>\n<meta property=\"og:site_name\" content=\"Yufuku Japanese Fusion Tapas\" \/>\n<meta property=\"article:publisher\" content=\"https:\/\/www.facebook.com\/yufukufusiontapas\/\" \/>\n<meta property=\"article:modified_time\" content=\"2024-08-18T15:00:58+00:00\" \/>\n<meta name=\"twitter:card\" content=\"summary_large_image\" \/>\n<meta name=\"twitter:label1\" content=\"Dur\u00e9e de lecture estim\u00e9e\" \/>\n\t<meta name=\"twitter:data1\" content=\"2 minutes\" \/>\n<script type=\"application\/ld+json\" class=\"yoast-schema-graph\">{\"@context\":\"https:\/\/schema.org\",\"@graph\":[{\"@type\":\"WebPage\",\"@id\":\"https:\/\/yufuku.ca\/fr\/conditions-generales-dutilisation\/\",\"url\":\"https:\/\/yufuku.ca\/fr\/conditions-generales-dutilisation\/\",\"name\":\"Conditions g\u00e9n\u00e9rales d'utilisation - Yufuku Japanese Fusion Tapas\",\"isPartOf\":{\"@id\":\"https:\/\/yufuku.ca\/#website\"},\"datePublished\":\"2024-08-18T14:26:48+00:00\",\"dateModified\":\"2024-08-18T15:00:58+00:00\",\"breadcrumb\":{\"@id\":\"https:\/\/yufuku.ca\/fr\/conditions-generales-dutilisation\/#breadcrumb\"},\"inLanguage\":\"fr-FR\",\"potentialAction\":[{\"@type\":\"ReadAction\",\"target\":[\"https:\/\/yufuku.ca\/fr\/conditions-generales-dutilisation\/\"]}]},{\"@type\":\"BreadcrumbList\",\"@id\":\"https:\/\/yufuku.ca\/fr\/conditions-generales-dutilisation\/#breadcrumb\",\"itemListElement\":[{\"@type\":\"ListItem\",\"position\":1,\"name\":\"Home\",\"item\":\"https:\/\/yufuku.ca\/fr\/\"},{\"@type\":\"ListItem\",\"position\":2,\"name\":\"Conditions g\u00e9n\u00e9rales d&#8217;utilisation\"}]},{\"@type\":\"WebSite\",\"@id\":\"https:\/\/yufuku.ca\/#website\",\"url\":\"https:\/\/yufuku.ca\/\",\"name\":\"Yufuku Japanese Fusion Tapas\",\"description\":\"New In The Monkland Village!\",\"publisher\":{\"@id\":\"https:\/\/yufuku.ca\/#organization\"},\"potentialAction\":[{\"@type\":\"SearchAction\",\"target\":{\"@type\":\"EntryPoint\",\"urlTemplate\":\"https:\/\/yufuku.ca\/?s={search_term_string}\"},\"query-input\":{\"@type\":\"PropertyValueSpecification\",\"valueRequired\":true,\"valueName\":\"search_term_string\"}}],\"inLanguage\":\"fr-FR\"},{\"@type\":\"Organization\",\"@id\":\"https:\/\/yufuku.ca\/#organization\",\"name\":\"Yufuku Japanese Fusion Tapas\",\"url\":\"https:\/\/yufuku.ca\/\",\"logo\":{\"@type\":\"ImageObject\",\"inLanguage\":\"fr-FR\",\"@id\":\"https:\/\/yufuku.ca\/#\/schema\/logo\/image\/\",\"url\":\"https:\/\/yufuku.ca\/wp-content\/uploads\/2024\/08\/Yufuku-Logo-PNG.png\",\"contentUrl\":\"https:\/\/yufuku.ca\/wp-content\/uploads\/2024\/08\/Yufuku-Logo-PNG.png\",\"width\":1488,\"height\":1506,\"caption\":\"Yufuku Japanese Fusion Tapas\"},\"image\":{\"@id\":\"https:\/\/yufuku.ca\/#\/schema\/logo\/image\/\"},\"sameAs\":[\"https:\/\/www.facebook.com\/yufukufusiontapas\/\",\"https:\/\/www.instagram.com\/yufuku.fusion.tapas\/\"]}]}<\/script>\n<!-- \/ Yoast SEO plugin. -->","yoast_head_json":{"title":"Conditions g\u00e9n\u00e9rales d'utilisation - Yufuku Japanese Fusion Tapas","robots":{"index":"index","follow":"follow","max-snippet":"max-snippet:-1","max-image-preview":"max-image-preview:large","max-video-preview":"max-video-preview:-1"},"canonical":"https:\/\/yufuku.ca\/fr\/conditions-generales-dutilisation\/","og_locale":"fr_FR","og_type":"article","og_title":"Conditions g\u00e9n\u00e9rales d'utilisation - Yufuku Japanese Fusion Tapas","og_description":"ConditionsD\u2019utilisation Les pr\u00e9sentes conditions g\u00e9n\u00e9rales (les \u00ab\u00a0conditions g\u00e9n\u00e9rales\u00a0\u00bb) r\u00e9gissent l&rsquo;utilisation du site yufuku.ca (le \u00ab\u00a0site\u00a0\u00bb).Ce site est d\u00e9tenu et exploit\u00e9 par Y\u016bfuku Fusion Tapas. Ce site est un restaurant.En utilisant ce site, vous indiquez que vous avez lu et compris [&hellip;]","og_url":"https:\/\/yufuku.ca\/fr\/conditions-generales-dutilisation\/","og_site_name":"Yufuku Japanese Fusion Tapas","article_publisher":"https:\/\/www.facebook.com\/yufukufusiontapas\/","article_modified_time":"2024-08-18T15:00:58+00:00","twitter_card":"summary_large_image","twitter_misc":{"Dur\u00e9e de lecture estim\u00e9e":"2 minutes"},"schema":{"@context":"https:\/\/schema.org","@graph":[{"@type":"WebPage","@id":"https:\/\/yufuku.ca\/fr\/conditions-generales-dutilisation\/","url":"https:\/\/yufuku.ca\/fr\/conditions-generales-dutilisation\/","name":"Conditions g\u00e9n\u00e9rales d'utilisation - Yufuku Japanese Fusion Tapas","isPartOf":{"@id":"https:\/\/yufuku.ca\/#website"},"datePublished":"2024-08-18T14:26:48+00:00","dateModified":"2024-08-18T15:00:58+00:00","breadcrumb":{"@id":"https:\/\/yufuku.ca\/fr\/conditions-generales-dutilisation\/#breadcrumb"},"inLanguage":"fr-FR","potentialAction":[{"@type":"ReadAction","target":["https:\/\/yufuku.ca\/fr\/conditions-generales-dutilisation\/"]}]},{"@type":"BreadcrumbList","@id":"https:\/\/yufuku.ca\/fr\/conditions-generales-dutilisation\/#breadcrumb","itemListElement":[{"@type":"ListItem","position":1,"name":"Home","item":"https:\/\/yufuku.ca\/fr\/"},{"@type":"ListItem","position":2,"name":"Conditions g\u00e9n\u00e9rales d&#8217;utilisation"}]},{"@type":"WebSite","@id":"https:\/\/yufuku.ca\/#website","url":"https:\/\/yufuku.ca\/","name":"Yufuku Japanese Fusion Tapas","description":"New In The Monkland Village!","publisher":{"@id":"https:\/\/yufuku.ca\/#organization"},"potentialAction":[{"@type":"SearchAction","target":{"@type":"EntryPoint","urlTemplate":"https:\/\/yufuku.ca\/?s={search_term_string}"},"query-input":{"@type":"PropertyValueSpecification","valueRequired":true,"valueName":"search_term_string"}}],"inLanguage":"fr-FR"},{"@type":"Organization","@id":"https:\/\/yufuku.ca\/#organization","name":"Yufuku Japanese Fusion Tapas","url":"https:\/\/yufuku.ca\/","logo":{"@type":"ImageObject","inLanguage":"fr-FR","@id":"https:\/\/yufuku.ca\/#\/schema\/logo\/image\/","url":"https:\/\/yufuku.ca\/wp-content\/uploads\/2024\/08\/Yufuku-Logo-PNG.png","contentUrl":"https:\/\/yufuku.ca\/wp-content\/uploads\/2024\/08\/Yufuku-Logo-PNG.png","width":1488,"height":1506,"caption":"Yufuku Japanese Fusion Tapas"},"image":{"@id":"https:\/\/yufuku.ca\/#\/schema\/logo\/image\/"},"sameAs":["https:\/\/www.facebook.com\/yufukufusiontapas\/","https:\/\/www.instagram.com\/yufuku.fusion.tapas\/"]}]}},"_links":{"self":[{"href":"https:\/\/yufuku.ca\/fr\/wp-json\/wp\/v2\/pages\/4623"}],"collection":[{"href":"https:\/\/yufuku.ca\/fr\/wp-json\/wp\/v2\/pages"}],"about":[{"href":"https:\/\/yufuku.ca\/fr\/wp-json\/wp\/v2\/types\/page"}],"author":[{"embeddable":true,"href":"https:\/\/yufuku.ca\/fr\/wp-json\/wp\/v2\/users\/3454"}],"replies":[{"embeddable":true,"href":"https:\/\/yufuku.ca\/fr\/wp-json\/wp\/v2\/comments?post=4623"}],"version-history":[{"count":7,"href":"https:\/\/yufuku.ca\/fr\/wp-json\/wp\/v2\/pages\/4623\/revisions"}],"predecessor-version":[{"id":4663,"href":"https:\/\/yufuku.ca\/fr\/wp-json\/wp\/v2\/pages\/4623\/revisions\/4663"}],"wp:attachment":[{"href":"https:\/\/yufuku.ca\/fr\/wp-json\/wp\/v2\/media?parent=4623"}],"curies":[{"name":"wp","href":"https:\/\/api.w.org\/{rel}","templated":true}]}}