{"id":4621,"date":"2024-08-18T10:13:05","date_gmt":"2024-08-18T14:13:05","guid":{"rendered":"https:\/\/yufuku.ca\/politique-de-confidentialite\/"},"modified":"2024-08-18T10:59:46","modified_gmt":"2024-08-18T14:59:46","slug":"politique-de-confidentialite","status":"publish","type":"page","link":"https:\/\/yufuku.ca\/fr\/politique-de-confidentialite\/","title":{"rendered":"Politique de confidentialit\u00e9"},"content":{"rendered":"\t\t<div data-elementor-type=\"wp-page\" data-elementor-id=\"4621\" class=\"elementor elementor-4621 elementor-4562\" data-elementor-post-type=\"page\">\n\t\t\t\t\t\t<section class=\"elementor-section elementor-top-section elementor-element elementor-element-514233a elementor-section-full_width elementor-section-height-min-height elementor-section-height-default elementor-section-items-middle\" data-id=\"514233a\" data-element_type=\"section\" data-settings=\"{&quot;background_background&quot;:&quot;classic&quot;,&quot;grandrestaurant_ext_is_background_parallax&quot;:&quot;false&quot;,&quot;grandrestaurant_ext_is_background_backdrop&quot;:&quot;false&quot;,&quot;grandrestaurant_ext_is_background_on_scroll&quot;:&quot;false&quot;}\">\n\t\t\t\t\t\t<div class=\"elementor-container elementor-column-gap-default\">\n\t\t\t\t\t<div class=\"elementor-column elementor-col-100 elementor-top-column elementor-element elementor-element-c07ec0c\" data-id=\"c07ec0c\" data-element_type=\"column\" data-settings=\"{&quot;grandrestaurant_ext_link_reservation&quot;:&quot;false&quot;,&quot;grandrestaurant_ext_link_sidemenu&quot;:&quot;false&quot;,&quot;grandrestaurant_ext_link_fullmenu&quot;:&quot;false&quot;,&quot;grandrestaurant_ext_link_closed_fullmenu&quot;:&quot;false&quot;,&quot;grandrestaurant_ext_is_scrollme&quot;:&quot;false&quot;,&quot;grandrestaurant_ext_is_smoove&quot;:&quot;false&quot;,&quot;grandrestaurant_ext_is_parallax_mouse&quot;:&quot;false&quot;,&quot;grandrestaurant_ext_is_infinite&quot;:&quot;false&quot;,&quot;grandrestaurant_ext_is_fadeout_animation&quot;:&quot;false&quot;,&quot;grandrestaurant_ext_mobile_static&quot;:&quot;false&quot;}\">\n\t\t\t<div class=\"elementor-widget-wrap elementor-element-populated\">\n\t\t\t\t\t\t<div class=\"elementor-element elementor-element-7550d06 elementor-widget__width-initial elementor-widget elementor-widget-grandrestaurant-animated-text\" data-id=\"7550d06\" data-element_type=\"widget\" data-settings=\"{&quot;grandrestaurant_ext_is_fadeout_animation&quot;:&quot;true&quot;,&quot;grandrestaurant_ext_is_fadeout_animation_velocity&quot;:{&quot;unit&quot;:&quot;px&quot;,&quot;size&quot;:0.1000000000000000055511151231257827021181583404541015625,&quot;sizes&quot;:[]},&quot;grandrestaurant_ext_link_reservation&quot;:&quot;false&quot;,&quot;grandrestaurant_ext_link_sidemenu&quot;:&quot;false&quot;,&quot;grandrestaurant_ext_link_fullmenu&quot;:&quot;false&quot;,&quot;grandrestaurant_ext_link_closed_fullmenu&quot;:&quot;false&quot;,&quot;grandrestaurant_ext_is_scrollme&quot;:&quot;false&quot;,&quot;grandrestaurant_ext_is_parallax_mouse&quot;:&quot;false&quot;,&quot;grandrestaurant_ext_is_infinite&quot;:&quot;false&quot;,&quot;grandrestaurant_ext_is_fadeout_animation_direction&quot;:&quot;up&quot;,&quot;grandrestaurant_ext_mobile_static&quot;:&quot;false&quot;}\" data-widget_type=\"grandrestaurant-animated-text.default\">\n\t\t\t\t<div class=\"elementor-widget-container\">\n\t\t\t<div class=\"themegoods-animated-text text-alignment-center transition-right overflow-visible\" data-delimiter=\"character\" data-transition=\"50\" data-transition-delay=\"800\" data-transition-duration=\"600\">\n\t\t<h1>\n\t\tPolitique De<br>Confidentialit\u00e9\t<\/h1>\n\t<\/div>\t\t<\/div>\n\t\t\t\t<\/div>\n\t\t\t\t\t<\/div>\n\t\t<\/div>\n\t\t\t\t\t<\/div>\n\t\t<\/section>\n\t\t\t\t<section class=\"elementor-section elementor-top-section elementor-element elementor-element-6f5ff12 elementor-section-boxed elementor-section-height-default elementor-section-height-default\" data-id=\"6f5ff12\" data-element_type=\"section\" data-settings=\"{&quot;background_background&quot;:&quot;classic&quot;,&quot;grandrestaurant_ext_is_background_parallax&quot;:&quot;false&quot;,&quot;grandrestaurant_ext_is_background_backdrop&quot;:&quot;false&quot;,&quot;grandrestaurant_ext_is_background_on_scroll&quot;:&quot;false&quot;}\">\n\t\t\t\t\t\t<div class=\"elementor-container elementor-column-gap-default\">\n\t\t\t\t\t<div class=\"elementor-column elementor-col-100 elementor-top-column elementor-element elementor-element-840af21\" data-id=\"840af21\" data-element_type=\"column\" data-settings=\"{&quot;background_background&quot;:&quot;classic&quot;,&quot;grandrestaurant_ext_link_reservation&quot;:&quot;false&quot;,&quot;grandrestaurant_ext_link_sidemenu&quot;:&quot;false&quot;,&quot;grandrestaurant_ext_link_fullmenu&quot;:&quot;false&quot;,&quot;grandrestaurant_ext_link_closed_fullmenu&quot;:&quot;false&quot;,&quot;grandrestaurant_ext_is_scrollme&quot;:&quot;false&quot;,&quot;grandrestaurant_ext_is_smoove&quot;:&quot;false&quot;,&quot;grandrestaurant_ext_is_parallax_mouse&quot;:&quot;false&quot;,&quot;grandrestaurant_ext_is_infinite&quot;:&quot;false&quot;,&quot;grandrestaurant_ext_is_fadeout_animation&quot;:&quot;false&quot;,&quot;grandrestaurant_ext_mobile_static&quot;:&quot;false&quot;}\">\n\t\t\t<div class=\"elementor-widget-wrap elementor-element-populated\">\n\t\t\t\t\t\t<div class=\"elementor-element elementor-element-7021016 elementor-widget elementor-widget-text-editor\" data-id=\"7021016\" data-element_type=\"widget\" data-settings=\"{&quot;grandrestaurant_ext_link_reservation&quot;:&quot;false&quot;,&quot;grandrestaurant_ext_link_sidemenu&quot;:&quot;false&quot;,&quot;grandrestaurant_ext_link_fullmenu&quot;:&quot;false&quot;,&quot;grandrestaurant_ext_link_closed_fullmenu&quot;:&quot;false&quot;,&quot;grandrestaurant_ext_is_scrollme&quot;:&quot;false&quot;,&quot;grandrestaurant_ext_is_smoove&quot;:&quot;false&quot;,&quot;grandrestaurant_ext_is_parallax_mouse&quot;:&quot;false&quot;,&quot;grandrestaurant_ext_is_infinite&quot;:&quot;false&quot;,&quot;grandrestaurant_ext_is_fadeout_animation&quot;:&quot;false&quot;,&quot;grandrestaurant_ext_mobile_static&quot;:&quot;false&quot;}\" data-widget_type=\"text-editor.default\">\n\t\t\t\t<div class=\"elementor-widget-container\">\n\t\t\t\t\t\t\t<p>Type de site web : Restaurant<br>Date d&rsquo;entr\u00e9e en vigueur : 18\u00e8me jour d&rsquo;ao\u00fbt 2024<\/p>\n<p>Le site yufuku.ca (le \u00a0\u00bb site \u00ab\u00a0) est d\u00e9tenu et exploit\u00e9 par Y\u016bfuku Fusion Tapas. Vous pouvez contacter Y\u016bfuku Fusion Tapas<br>\u00e0 l&rsquo;adresse suivante :<br>info@yufuku.ca<br>(514) 564-7698<br>5766 Monkland Ave, Montreal, Quebec H4A 1E9<\/p><p><br><\/p>\n<p><br>O<b>bjectif<\/b><br>L&rsquo;objectif de la pr\u00e9sente politique de confidentialit\u00e9 (la \u00ab\u00a0politique de confidentialit\u00e9\u00a0\u00bb) est d&rsquo;informer les utilisateurs de notre site des \u00e9l\u00e9ments suivants :<br>1. les donn\u00e9es \u00e0 caract\u00e8re personnel que nous collectons ;<br>2. l&rsquo;utilisation des donn\u00e9es collect\u00e9es ;<br>3. qui a acc\u00e8s aux donn\u00e9es collect\u00e9es ;<br>4. les droits des utilisateurs du site ; et<br>5. la politique du site en mati\u00e8re de cookies. La politique du site en mati\u00e8re de cookies.<\/p>\n<p>La pr\u00e9sente politique de confidentialit\u00e9 s&rsquo;applique en compl\u00e9ment des conditions g\u00e9n\u00e9rales de notre site.<\/p><p><br><\/p>\n<p><b>Consentement<\/b><br>En utilisant notre site, les utilisateurs acceptent :<br>1. les conditions \u00e9nonc\u00e9es dans la pr\u00e9sente politique de confidentialit\u00e9 ; et<br>2. la collecte, l&rsquo;utilisation et la conservation des donn\u00e9es \u00e9num\u00e9r\u00e9es dans la pr\u00e9sente politique de confidentialit\u00e9.<\/p><p><br><b>Donn\u00e9es personnelles que nous recueillons<br><\/b>Nous ne recueillons que les donn\u00e9es qui nous aident \u00e0 atteindre les objectifs d\u00e9finis dans la pr\u00e9sente politique de confidentialit\u00e9. Nous nous engageons \u00e0<br>\u00e0 ne pas collecter d&rsquo;autres donn\u00e9es que celles \u00e9num\u00e9r\u00e9es ci-dessous sans vous en informer au pr\u00e9alable.<\/p><p><br><b>Donn\u00e9es collect\u00e9es automatiquement<br><\/b>Lorsque vous visitez et utilisez notre site, nous pouvons collecter et stocker automatiquement les informations suivantes<br>:<\/p>\n<p>1. Localisation ;<br>2. D\u00e9tails sur le mat\u00e9riel et les logiciels ;<br>3. Liens cliqu\u00e9s ; et<br>4. Contenu consult\u00e9.<\/p><p><br><\/p>\n<p><b>Donn\u00e9es collect\u00e9es de mani\u00e8re non automatique<br><\/b>Nous pouvons \u00e9galement collecter les donn\u00e9es suivantes lorsque vous ex\u00e9cutez certaines fonctions sur notre site :<br>1. pr\u00e9nom et nom de famille ;<br>2. adresse \u00e9lectronique ; et<br>3. num\u00e9ro de t\u00e9l\u00e9phone. Num\u00e9ro de t\u00e9l\u00e9phone.<br>Ces donn\u00e9es peuvent \u00eatre collect\u00e9es selon les m\u00e9thodes suivantes :<br>1. Formulaire de r\u00e9servation.<\/p><p><br><\/p>\n<p><b>Comment nous utilisons les donn\u00e9es personnelles<br><\/b>Les donn\u00e9es collect\u00e9es sur notre site ne seront utilis\u00e9es qu&rsquo;aux fins sp\u00e9cifi\u00e9es dans la pr\u00e9sente politique de confidentialit\u00e9 ou sur le site<br>indiqu\u00e9 sur les pages concern\u00e9es de notre site. Nous n&rsquo;utiliserons pas vos donn\u00e9es au-del\u00e0 de ce que nous divulguons \u00e0 l&rsquo;adresse<br>dans la pr\u00e9sente politique de confidentialit\u00e9.<\/p>\n<p>Les donn\u00e9es que nous collectons automatiquement sont utilis\u00e9es aux fins suivantes :<br>1. Statistiques.<br>Les donn\u00e9es que nous collectons lorsque l&rsquo;utilisateur ex\u00e9cute certaines fonctions peuvent \u00eatre utilis\u00e9es aux fins suivantes<br>:<br>1. Confirmer les r\u00e9servations de restaurant.<\/p><p><br><\/p>\n<p><b>Avec qui partageons-nous les donn\u00e9es personnelles<\/b>? <b><br> Employ\u00e9s<\/b><br>Nous pouvons divulguer les donn\u00e9es des utilisateurs \u00e0 tout membre de notre organisation qui a raisonnablement besoin d&rsquo;acc\u00e9der aux donn\u00e9es des utilisateurs<br>pour atteindre les objectifs \u00e9nonc\u00e9s dans la pr\u00e9sente politique de protection de la vie priv\u00e9e.<\/p><p><br><\/p>\n<p><b>Autres divulgations<br><\/b>Nous ne vendrons ni ne partagerons vos donn\u00e9es avec des tiers, sauf dans les cas suivants :<br>1. si la loi l&rsquo;exige ;<br>2. si cela est n\u00e9cessaire dans le cadre d&rsquo;une proc\u00e9dure judiciaire ;<br>3. pour prouver ou prot\u00e9ger nos droits l\u00e9gaux ; et<br>4. pour les acheteurs potentiels de cette soci\u00e9t\u00e9 dans le cas o\u00f9 nous chercherions \u00e0 vendre la soci\u00e9t\u00e9. Aux acheteurs ou acheteurs potentiels de cette soci\u00e9t\u00e9 dans le cas o\u00f9 nous chercherions \u00e0 vendre la soci\u00e9t\u00e9.<\/p>\n<p><\/p>\n<p>Si vous suivez des hyperliens de notre site vers un autre site, veuillez noter que nous ne sommes pas responsables<br>de leurs politiques et pratiques en mati\u00e8re de protection de la vie priv\u00e9e et que nous n&rsquo;avons aucun contr\u00f4le sur celles-ci.<\/p><p><br><\/p>\n<p><b>Dur\u00e9e de conservation des donn\u00e9es personnelles<br><\/b>Les donn\u00e9es des utilisateurs seront conserv\u00e9es jusqu&rsquo;\u00e0 ce que l&rsquo;objectif pour lequel elles ont \u00e9t\u00e9 collect\u00e9es ait \u00e9t\u00e9 atteint.<br>Vous serez inform\u00e9 si vos donn\u00e9es sont conserv\u00e9es au-del\u00e0 de cette p\u00e9riode.<\/p><p><br><\/p>\n<p><b>Comment nous prot\u00e9geons vos donn\u00e9es personnelles<br><\/b>Afin de prot\u00e9ger votre s\u00e9curit\u00e9, nous utilisons le cryptage de navigateur le plus puissant qui soit et nous stockons toutes les donn\u00e9es<br>sur des serveurs situ\u00e9s dans des installations s\u00e9curis\u00e9es. Toutes les donn\u00e9es ne sont accessibles qu&rsquo;\u00e0 nos employ\u00e9s. Nos employ\u00e9s (<br>) sont li\u00e9s par des accords de confidentialit\u00e9 stricts et toute violation de cet accord entra\u00eenerait le licenciement de l&#8217;employ\u00e9 (<br>).<\/p>\n<p>Bien que nous prenions toutes les pr\u00e9cautions raisonnables pour garantir la s\u00e9curit\u00e9 des donn\u00e9es des utilisateurs et leur protection sur le site<br>, il subsiste toujours un risque de pr\u00e9judice. L&rsquo;Internet dans son ensemble peut ne pas \u00eatre s\u00fbr \u00e0<br>moments et nous ne sommes donc pas en mesure de garantir la s\u00e9curit\u00e9 des donn\u00e9es de l&rsquo;utilisateur au-del\u00e0 de ce qui est<br>raisonnablement possible.<\/p><p><br><\/p>\n<p><b>Enfants<\/b><br>Nous ne collectons ni n&rsquo;utilisons sciemment des donn\u00e9es personnelles concernant des enfants de moins de 13 ans. Si nous<br>apprenons que nous avons collect\u00e9 des donn\u00e9es \u00e0 caract\u00e8re personnel aupr\u00e8s d&rsquo;un enfant de moins de 13 ans, les donn\u00e9es \u00e0 caract\u00e8re personnel<br>seront supprim\u00e9es d\u00e8s que possible. Si un enfant de moins de 13 ans nous a fourni des donn\u00e9es personnelles<br>, ses parents ou son tuteur peuvent contacter notre responsable de la protection de la vie priv\u00e9e.<br>Comment acc\u00e9der, modifier, supprimer ou contester les donn\u00e9es collect\u00e9es<br>Si vous souhaitez savoir si nous avons collect\u00e9 vos donn\u00e9es personnelles, comment nous avons utilis\u00e9 vos donn\u00e9es personnelles<br>, si nous avons divulgu\u00e9 vos donn\u00e9es personnelles et \u00e0 qui nous les avons divulgu\u00e9es<br>, ou si vous souhaitez que vos donn\u00e9es soient supprim\u00e9es ou modifi\u00e9es de quelque mani\u00e8re que ce soit, veuillez contacter notre responsable de la protection de la vie priv\u00e9e<br>\u00e0 l&rsquo;adresse suivante :<br>info@yufuku.ca<\/p><p><br><\/p>\n<p><b>Politique en mati\u00e8re de cookies<br><\/b>Un cookie est un petit fichier stock\u00e9 sur le disque dur de l&rsquo;utilisateur par un site web. Il a pour but de collecter des donn\u00e9es<br>relatives aux habitudes de navigation de l&rsquo;utilisateur. Vous pouvez choisir d&rsquo;\u00eatre averti chaque fois qu&rsquo;un cookie est transmis \u00e0<br>. Vous pouvez \u00e9galement choisir de d\u00e9sactiver compl\u00e8tement les cookies dans votre navigateur Internet, mais cela<br>peut diminuer la qualit\u00e9 de votre exp\u00e9rience utilisateur.<br>Nous utilisons les types de cookies suivants sur notre site :<br>1. cookies analytiques<br>Les cookies analytiques nous permettent d&rsquo;am\u00e9liorer la conception et la fonctionnalit\u00e9 de notre site en<br>collectant des donn\u00e9es sur la fa\u00e7on dont vous acc\u00e9dez \u00e0 notre site, par exemple des donn\u00e9es sur le contenu auquel vous acc\u00e9dez,<br>combien de temps vous restez sur notre site, etc.<\/p><p><br><\/p>\n<p><b>Modifications<br><\/b>La pr\u00e9sente politique de confidentialit\u00e9 peut \u00eatre modifi\u00e9e de temps \u00e0 autre afin de maintenir la conformit\u00e9 avec<br>la loi et de refl\u00e9ter tout changement apport\u00e9 \u00e0 notre processus de collecte de donn\u00e9es. Lorsque nous modifions la pr\u00e9sente politique de confidentialit\u00e9<br>, nous mettons \u00e0 jour la \u00ab\u00a0date d&rsquo;entr\u00e9e en vigueur\u00a0\u00bb en haut de la pr\u00e9sente politique de confidentialit\u00e9. Nous recommandons \u00e0 nos utilisateurs de consulter r\u00e9guli\u00e8rement notre politique de confidentialit\u00e9 (<br>) afin de s&rsquo;assurer qu&rsquo;ils sont inform\u00e9s de toute mise \u00e0 jour (<br>). Si n\u00e9cessaire, nous pouvons informer les utilisateurs par courrier \u00e9lectronique des modifications apport\u00e9es \u00e0 la pr\u00e9sente politique de protection de la vie priv\u00e9e.<\/p>\t\t\t\t\t\t<\/div>\n\t\t\t\t<\/div>\n\t\t\t\t\t<\/div>\n\t\t<\/div>\n\t\t\t\t\t<\/div>\n\t\t<\/section>\n\t\t\t\t<\/div>\n\t\t","protected":false},"excerpt":{"rendered":"<p>Politique DeConfidentialit\u00e9 Type de site web : RestaurantDate d&rsquo;entr\u00e9e en vigueur : 18\u00e8me jour d&rsquo;ao\u00fbt 2024 Le site yufuku.ca (le \u00a0\u00bb site \u00ab\u00a0) est d\u00e9tenu et exploit\u00e9 par Y\u016bfuku Fusion Tapas. Vous pouvez contacter Y\u016bfuku Fusion Tapas\u00e0 l&rsquo;adresse suivante :info@yufuku.ca(514) [&hellip;]<\/p>\n","protected":false},"author":3454,"featured_media":0,"parent":0,"menu_order":0,"comment_status":"closed","ping_status":"closed","template":"elementor_header_footer","meta":{"footnotes":""},"class_list":["post-4621","page","type-page","status-publish","hentry"],"yoast_head":"<!-- This site is optimized with the Yoast SEO plugin v23.7 - https:\/\/yoast.com\/wordpress\/plugins\/seo\/ -->\n<title>Politique de confidentialit\u00e9 - Yufuku Japanese Fusion Tapas<\/title>\n<meta name=\"robots\" content=\"index, follow, max-snippet:-1, max-image-preview:large, max-video-preview:-1\" \/>\n<link rel=\"canonical\" href=\"https:\/\/yufuku.ca\/fr\/politique-de-confidentialite\/\" \/>\n<meta property=\"og:locale\" content=\"fr_FR\" \/>\n<meta property=\"og:type\" content=\"article\" \/>\n<meta property=\"og:title\" content=\"Politique de confidentialit\u00e9 - Yufuku Japanese Fusion Tapas\" \/>\n<meta property=\"og:description\" content=\"Politique DeConfidentialit\u00e9 Type de site web : RestaurantDate d&rsquo;entr\u00e9e en vigueur : 18\u00e8me jour d&rsquo;ao\u00fbt 2024 Le site yufuku.ca (le \u00a0\u00bb site \u00ab\u00a0) est d\u00e9tenu et exploit\u00e9 par Y\u016bfuku Fusion Tapas. Vous pouvez contacter Y\u016bfuku Fusion Tapas\u00e0 l&rsquo;adresse suivante :info@yufuku.ca(514) [&hellip;]\" \/>\n<meta property=\"og:url\" content=\"https:\/\/yufuku.ca\/fr\/politique-de-confidentialite\/\" \/>\n<meta property=\"og:site_name\" content=\"Yufuku Japanese Fusion Tapas\" \/>\n<meta property=\"article:publisher\" content=\"https:\/\/www.facebook.com\/yufukufusiontapas\/\" \/>\n<meta property=\"article:modified_time\" content=\"2024-08-18T14:59:46+00:00\" \/>\n<meta name=\"twitter:card\" content=\"summary_large_image\" \/>\n<meta name=\"twitter:label1\" content=\"Dur\u00e9e de lecture estim\u00e9e\" \/>\n\t<meta name=\"twitter:data1\" content=\"6 minutes\" \/>\n<script type=\"application\/ld+json\" class=\"yoast-schema-graph\">{\"@context\":\"https:\/\/schema.org\",\"@graph\":[{\"@type\":\"WebPage\",\"@id\":\"https:\/\/yufuku.ca\/fr\/politique-de-confidentialite\/\",\"url\":\"https:\/\/yufuku.ca\/fr\/politique-de-confidentialite\/\",\"name\":\"Politique de confidentialit\u00e9 - Yufuku Japanese Fusion Tapas\",\"isPartOf\":{\"@id\":\"https:\/\/yufuku.ca\/#website\"},\"datePublished\":\"2024-08-18T14:13:05+00:00\",\"dateModified\":\"2024-08-18T14:59:46+00:00\",\"breadcrumb\":{\"@id\":\"https:\/\/yufuku.ca\/fr\/politique-de-confidentialite\/#breadcrumb\"},\"inLanguage\":\"fr-FR\",\"potentialAction\":[{\"@type\":\"ReadAction\",\"target\":[\"https:\/\/yufuku.ca\/fr\/politique-de-confidentialite\/\"]}]},{\"@type\":\"BreadcrumbList\",\"@id\":\"https:\/\/yufuku.ca\/fr\/politique-de-confidentialite\/#breadcrumb\",\"itemListElement\":[{\"@type\":\"ListItem\",\"position\":1,\"name\":\"Home\",\"item\":\"https:\/\/yufuku.ca\/fr\/\"},{\"@type\":\"ListItem\",\"position\":2,\"name\":\"Politique de confidentialit\u00e9\"}]},{\"@type\":\"WebSite\",\"@id\":\"https:\/\/yufuku.ca\/#website\",\"url\":\"https:\/\/yufuku.ca\/\",\"name\":\"Yufuku Japanese Fusion Tapas\",\"description\":\"New In The Monkland Village!\",\"publisher\":{\"@id\":\"https:\/\/yufuku.ca\/#organization\"},\"potentialAction\":[{\"@type\":\"SearchAction\",\"target\":{\"@type\":\"EntryPoint\",\"urlTemplate\":\"https:\/\/yufuku.ca\/?s={search_term_string}\"},\"query-input\":{\"@type\":\"PropertyValueSpecification\",\"valueRequired\":true,\"valueName\":\"search_term_string\"}}],\"inLanguage\":\"fr-FR\"},{\"@type\":\"Organization\",\"@id\":\"https:\/\/yufuku.ca\/#organization\",\"name\":\"Yufuku Japanese Fusion Tapas\",\"url\":\"https:\/\/yufuku.ca\/\",\"logo\":{\"@type\":\"ImageObject\",\"inLanguage\":\"fr-FR\",\"@id\":\"https:\/\/yufuku.ca\/#\/schema\/logo\/image\/\",\"url\":\"https:\/\/yufuku.ca\/wp-content\/uploads\/2024\/08\/Yufuku-Logo-PNG.png\",\"contentUrl\":\"https:\/\/yufuku.ca\/wp-content\/uploads\/2024\/08\/Yufuku-Logo-PNG.png\",\"width\":1488,\"height\":1506,\"caption\":\"Yufuku Japanese Fusion Tapas\"},\"image\":{\"@id\":\"https:\/\/yufuku.ca\/#\/schema\/logo\/image\/\"},\"sameAs\":[\"https:\/\/www.facebook.com\/yufukufusiontapas\/\",\"https:\/\/www.instagram.com\/yufuku.fusion.tapas\/\"]}]}<\/script>\n<!-- \/ Yoast SEO plugin. -->","yoast_head_json":{"title":"Politique de confidentialit\u00e9 - Yufuku Japanese Fusion Tapas","robots":{"index":"index","follow":"follow","max-snippet":"max-snippet:-1","max-image-preview":"max-image-preview:large","max-video-preview":"max-video-preview:-1"},"canonical":"https:\/\/yufuku.ca\/fr\/politique-de-confidentialite\/","og_locale":"fr_FR","og_type":"article","og_title":"Politique de confidentialit\u00e9 - Yufuku Japanese Fusion Tapas","og_description":"Politique DeConfidentialit\u00e9 Type de site web : RestaurantDate d&rsquo;entr\u00e9e en vigueur : 18\u00e8me jour d&rsquo;ao\u00fbt 2024 Le site yufuku.ca (le \u00a0\u00bb site \u00ab\u00a0) est d\u00e9tenu et exploit\u00e9 par Y\u016bfuku Fusion Tapas. Vous pouvez contacter Y\u016bfuku Fusion Tapas\u00e0 l&rsquo;adresse suivante :info@yufuku.ca(514) [&hellip;]","og_url":"https:\/\/yufuku.ca\/fr\/politique-de-confidentialite\/","og_site_name":"Yufuku Japanese Fusion Tapas","article_publisher":"https:\/\/www.facebook.com\/yufukufusiontapas\/","article_modified_time":"2024-08-18T14:59:46+00:00","twitter_card":"summary_large_image","twitter_misc":{"Dur\u00e9e de lecture estim\u00e9e":"6 minutes"},"schema":{"@context":"https:\/\/schema.org","@graph":[{"@type":"WebPage","@id":"https:\/\/yufuku.ca\/fr\/politique-de-confidentialite\/","url":"https:\/\/yufuku.ca\/fr\/politique-de-confidentialite\/","name":"Politique de confidentialit\u00e9 - Yufuku Japanese Fusion Tapas","isPartOf":{"@id":"https:\/\/yufuku.ca\/#website"},"datePublished":"2024-08-18T14:13:05+00:00","dateModified":"2024-08-18T14:59:46+00:00","breadcrumb":{"@id":"https:\/\/yufuku.ca\/fr\/politique-de-confidentialite\/#breadcrumb"},"inLanguage":"fr-FR","potentialAction":[{"@type":"ReadAction","target":["https:\/\/yufuku.ca\/fr\/politique-de-confidentialite\/"]}]},{"@type":"BreadcrumbList","@id":"https:\/\/yufuku.ca\/fr\/politique-de-confidentialite\/#breadcrumb","itemListElement":[{"@type":"ListItem","position":1,"name":"Home","item":"https:\/\/yufuku.ca\/fr\/"},{"@type":"ListItem","position":2,"name":"Politique de confidentialit\u00e9"}]},{"@type":"WebSite","@id":"https:\/\/yufuku.ca\/#website","url":"https:\/\/yufuku.ca\/","name":"Yufuku Japanese Fusion Tapas","description":"New In The Monkland Village!","publisher":{"@id":"https:\/\/yufuku.ca\/#organization"},"potentialAction":[{"@type":"SearchAction","target":{"@type":"EntryPoint","urlTemplate":"https:\/\/yufuku.ca\/?s={search_term_string}"},"query-input":{"@type":"PropertyValueSpecification","valueRequired":true,"valueName":"search_term_string"}}],"inLanguage":"fr-FR"},{"@type":"Organization","@id":"https:\/\/yufuku.ca\/#organization","name":"Yufuku Japanese Fusion Tapas","url":"https:\/\/yufuku.ca\/","logo":{"@type":"ImageObject","inLanguage":"fr-FR","@id":"https:\/\/yufuku.ca\/#\/schema\/logo\/image\/","url":"https:\/\/yufuku.ca\/wp-content\/uploads\/2024\/08\/Yufuku-Logo-PNG.png","contentUrl":"https:\/\/yufuku.ca\/wp-content\/uploads\/2024\/08\/Yufuku-Logo-PNG.png","width":1488,"height":1506,"caption":"Yufuku Japanese Fusion Tapas"},"image":{"@id":"https:\/\/yufuku.ca\/#\/schema\/logo\/image\/"},"sameAs":["https:\/\/www.facebook.com\/yufukufusiontapas\/","https:\/\/www.instagram.com\/yufuku.fusion.tapas\/"]}]}},"_links":{"self":[{"href":"https:\/\/yufuku.ca\/fr\/wp-json\/wp\/v2\/pages\/4621"}],"collection":[{"href":"https:\/\/yufuku.ca\/fr\/wp-json\/wp\/v2\/pages"}],"about":[{"href":"https:\/\/yufuku.ca\/fr\/wp-json\/wp\/v2\/types\/page"}],"author":[{"embeddable":true,"href":"https:\/\/yufuku.ca\/fr\/wp-json\/wp\/v2\/users\/3454"}],"replies":[{"embeddable":true,"href":"https:\/\/yufuku.ca\/fr\/wp-json\/wp\/v2\/comments?post=4621"}],"version-history":[{"count":7,"href":"https:\/\/yufuku.ca\/fr\/wp-json\/wp\/v2\/pages\/4621\/revisions"}],"predecessor-version":[{"id":4657,"href":"https:\/\/yufuku.ca\/fr\/wp-json\/wp\/v2\/pages\/4621\/revisions\/4657"}],"wp:attachment":[{"href":"https:\/\/yufuku.ca\/fr\/wp-json\/wp\/v2\/media?parent=4621"}],"curies":[{"name":"wp","href":"https:\/\/api.w.org\/{rel}","templated":true}]}}